{"id":557,"date":"2025-11-26T17:11:40","date_gmt":"2025-11-26T17:11:40","guid":{"rendered":"https:\/\/naroamiralles.com\/?page_id=557"},"modified":"2025-11-26T17:24:53","modified_gmt":"2025-11-26T17:24:53","slug":"politica-cookies","status":"publish","type":"page","link":"https:\/\/naroamiralles.com\/eu\/politica-cookies\/","title":{"rendered":"Cookien politika"},"content":{"rendered":"<div data-elementor-type=\"wp-page\" data-elementor-id=\"557\" class=\"elementor elementor-557\">\n\t\t\t\t\t\t<section class=\"elementor-section elementor-top-section elementor-element elementor-element-2615266 elementor-section-full_width elementor-section-stretched elementor-section-height-default elementor-section-height-default\" data-id=\"2615266\" data-element_type=\"section\" data-e-type=\"section\" data-settings=\"{&quot;stretch_section&quot;:&quot;section-stretched&quot;,&quot;background_background&quot;:&quot;classic&quot;}\">\n\t\t\t\t\t\t<div class=\"elementor-container elementor-column-gap-default\">\n\t\t\t\t\t<div class=\"elementor-column elementor-col-100 elementor-top-column elementor-element elementor-element-07ae9ab\" data-id=\"07ae9ab\" data-element_type=\"column\" data-e-type=\"column\">\n\t\t\t<div class=\"elementor-widget-wrap elementor-element-populated\">\n\t\t\t\t\t\t<div class=\"elementor-element elementor-element-3293f9e elementor-widget elementor-widget-heading\" data-id=\"3293f9e\" data-element_type=\"widget\" data-e-type=\"widget\" data-widget_type=\"heading.default\">\n\t\t\t\t<div class=\"elementor-widget-container\">\n\t\t\t\t\t<h2 class=\"elementor-heading-title elementor-size-default\">Pol\u00edtica de Cookies<\/h2>\t\t\t\t<\/div>\n\t\t\t\t<\/div>\n\t\t\t\t<div class=\"elementor-element elementor-element-320c573 elementor-widget elementor-widget-text-editor\" data-id=\"320c573\" data-element_type=\"widget\" data-e-type=\"widget\" data-widget_type=\"text-editor.default\">\n\t\t\t\t<div class=\"elementor-widget-container\">\n\t\t\t\t\t\t\t\t\t<p>La web <a href=\"http:\/\/naroamiralles.com\/eu\/\"><b>naroamiralles.com<\/b> <\/a>utiliza cookies propias y de terceros con fines funcionales y anal\u00edticos m\u00ednimos.<\/p>\t\t\t\t\t\t\t\t<\/div>\n\t\t\t\t<\/div>\n\t\t\t\t<div class=\"elementor-element elementor-element-12b973a elementor-widget elementor-widget-heading\" data-id=\"12b973a\" data-element_type=\"widget\" data-e-type=\"widget\" data-widget_type=\"heading.default\">\n\t\t\t\t<div class=\"elementor-widget-container\">\n\t\t\t\t\t<h3 class=\"elementor-heading-title elementor-size-default\">\u00bfQu\u00e9 son las cookies?<\/h3>\t\t\t\t<\/div>\n\t\t\t\t<\/div>\n\t\t\t\t<div class=\"elementor-element elementor-element-98d808c elementor-widget elementor-widget-text-editor\" data-id=\"98d808c\" data-element_type=\"widget\" data-e-type=\"widget\" data-widget_type=\"text-editor.default\">\n\t\t\t\t<div class=\"elementor-widget-container\">\n\t\t\t\t\t\t\t\t\t<p>Las cookies son peque\u00f1os archivos que se guardan en tu navegador para mejorar tu experiencia de navegaci\u00f3n o analizar el tr\u00e1fico del sitio web.<\/p>\t\t\t\t\t\t\t\t<\/div>\n\t\t\t\t<\/div>\n\t\t\t\t<div class=\"elementor-element elementor-element-c57fe2b elementor-widget elementor-widget-heading\" data-id=\"c57fe2b\" data-element_type=\"widget\" data-e-type=\"widget\" data-widget_type=\"heading.default\">\n\t\t\t\t<div class=\"elementor-widget-container\">\n\t\t\t\t\t<h3 class=\"elementor-heading-title elementor-size-default\">Tipos de cookies utilizadas<\/h3>\t\t\t\t<\/div>\n\t\t\t\t<\/div>\n\t\t\t\t<div class=\"elementor-element elementor-element-9a9b43c elementor-widget elementor-widget-text-editor\" data-id=\"9a9b43c\" data-element_type=\"widget\" data-e-type=\"widget\" data-widget_type=\"text-editor.default\">\n\t\t\t\t<div class=\"elementor-widget-container\">\n\t\t\t\t\t\t\t\t\t<p><b>Cookies necesarias (obligatorias)<\/b><\/p><p>Permiten el funcionamiento b\u00e1sico de la web:<\/p><ul><li>Cookies t\u00e9cnicas<\/li><li>Cookies de preferencias del navegador<\/li><li>Cookies de seguridad<\/li><\/ul><p>Estas no requieren consentimiento.<\/p>\t\t\t\t\t\t\t\t<\/div>\n\t\t\t\t<\/div>\n\t\t\t\t<div class=\"elementor-element elementor-element-c92099d elementor-widget elementor-widget-heading\" data-id=\"c92099d\" data-element_type=\"widget\" data-e-type=\"widget\" data-widget_type=\"heading.default\">\n\t\t\t\t<div class=\"elementor-widget-container\">\n\t\t\t\t\t<h3 class=\"elementor-heading-title elementor-size-default\">Gesti\u00f3n de las cookies<\/h3>\t\t\t\t<\/div>\n\t\t\t\t<\/div>\n\t\t\t\t<div class=\"elementor-element elementor-element-8ddb33f elementor-widget elementor-widget-text-editor\" data-id=\"8ddb33f\" data-element_type=\"widget\" data-e-type=\"widget\" data-widget_type=\"text-editor.default\">\n\t\t\t\t<div class=\"elementor-widget-container\">\n\t\t\t\t\t\t\t\t\t<p>Puedes configurar tu navegador para aceptar, bloquear o eliminar cookies. Cada navegador tiene sus propias instrucciones:<\/p><ul><li>Chrome<\/li><li>Firefox<\/li><li>Safari<\/li><li>Edge<\/li><\/ul>\t\t\t\t\t\t\t\t<\/div>\n\t\t\t\t<\/div>\n\t\t\t\t<div class=\"elementor-element elementor-element-883cca3 elementor-widget elementor-widget-heading\" data-id=\"883cca3\" data-element_type=\"widget\" data-e-type=\"widget\" data-widget_type=\"heading.default\">\n\t\t\t\t<div class=\"elementor-widget-container\">\n\t\t\t\t\t<h3 class=\"elementor-heading-title elementor-size-default\">Cookies de terceros<\/h3>\t\t\t\t<\/div>\n\t\t\t\t<\/div>\n\t\t\t\t<div class=\"elementor-element elementor-element-23b0f3f elementor-widget elementor-widget-text-editor\" data-id=\"23b0f3f\" data-element_type=\"widget\" data-e-type=\"widget\" data-widget_type=\"text-editor.default\">\n\t\t\t\t<div class=\"elementor-widget-container\">\n\t\t\t\t\t\t\t\t\t<p>La web podr\u00eda utilizar servicios externos como:<\/p><ul><li>Google (YouTube, reCAPTCHA, Fonts)<\/li><li>Google Forms (integrado en el formulario de contacto)<\/li><\/ul><p>Cada uno tiene su propia pol\u00edtica de cookies.<\/p>\t\t\t\t\t\t\t\t<\/div>\n\t\t\t\t<\/div>\n\t\t\t\t<div class=\"elementor-element elementor-element-4167209 elementor-widget elementor-widget-heading\" data-id=\"4167209\" data-element_type=\"widget\" data-e-type=\"widget\" data-widget_type=\"heading.default\">\n\t\t\t\t<div class=\"elementor-widget-container\">\n\t\t\t\t\t<h3 class=\"elementor-heading-title elementor-size-default\">Consentimiento<\/h3>\t\t\t\t<\/div>\n\t\t\t\t<\/div>\n\t\t\t\t<div class=\"elementor-element elementor-element-e23eb03 elementor-widget elementor-widget-text-editor\" data-id=\"e23eb03\" data-element_type=\"widget\" data-e-type=\"widget\" data-widget_type=\"text-editor.default\">\n\t\t\t\t<div class=\"elementor-widget-container\">\n\t\t\t\t\t\t\t\t\t<p>Al navegar por este sitio, aceptas la instalaci\u00f3n de cookies t\u00e9cnicas y funcionales.<\/p><p>Las cookies anal\u00edticas solo se cargar\u00e1n si das tu consentimiento expl\u00edcito mediante el banner de cookies.<\/p>\t\t\t\t\t\t\t\t<\/div>\n\t\t\t\t<\/div>\n\t\t\t\t<div class=\"elementor-element elementor-element-d72bef5 elementor-widget elementor-widget-heading\" data-id=\"d72bef5\" data-element_type=\"widget\" data-e-type=\"widget\" data-widget_type=\"heading.default\">\n\t\t\t\t<div class=\"elementor-widget-container\">\n\t\t\t\t\t<h3 class=\"elementor-heading-title elementor-size-default\">Modificaci\u00f3n de esta pol\u00edtica<\/h3>\t\t\t\t<\/div>\n\t\t\t\t<\/div>\n\t\t\t\t<div class=\"elementor-element elementor-element-a5f2abf elementor-widget elementor-widget-text-editor\" data-id=\"a5f2abf\" data-element_type=\"widget\" data-e-type=\"widget\" data-widget_type=\"text-editor.default\">\n\t\t\t\t<div class=\"elementor-widget-container\">\n\t\t\t\t\t\t\t\t\t<p>La presente pol\u00edtica podr\u00e1 actualizarse seg\u00fan nueva normativa o cambios de funcionalidad. \u00daltima revisi\u00f3n: noviembre 2025.<\/p>\t\t\t\t\t\t\t\t<\/div>\n\t\t\t\t<\/div>\n\t\t\t\t\t<\/div>\n\t\t<\/div>\n\t\t\t\t\t<\/div>\n\t\t<\/section>\n\t\t\t\t<\/div>","protected":false},"excerpt":{"rendered":"<p>Pol\u00edtica de Cookies La web naroamiralles.com utiliza cookies propias y de terceros con fines funcionales y anal\u00edticos m\u00ednimos. \u00bfQu\u00e9 son las cookies? Las cookies son peque\u00f1os archivos que se guardan en tu navegador para mejorar tu experiencia de navegaci\u00f3n o analizar el tr\u00e1fico del sitio web. Tipos de cookies utilizadas Cookies necesarias (obligatorias) Permiten el [&hellip;]<\/p>\n","protected":false},"author":1,"featured_media":0,"parent":0,"menu_order":0,"comment_status":"closed","ping_status":"closed","template":"","meta":{"footnotes":""},"class_list":["post-557","page","type-page","status-publish","hentry"],"aioseo_notices":[],"_links":{"self":[{"href":"https:\/\/naroamiralles.com\/eu\/wp-json\/wp\/v2\/pages\/557","targetHints":{"allow":["GET"]}}],"collection":[{"href":"https:\/\/naroamiralles.com\/eu\/wp-json\/wp\/v2\/pages"}],"about":[{"href":"https:\/\/naroamiralles.com\/eu\/wp-json\/wp\/v2\/types\/page"}],"author":[{"embeddable":true,"href":"https:\/\/naroamiralles.com\/eu\/wp-json\/wp\/v2\/users\/1"}],"replies":[{"embeddable":true,"href":"https:\/\/naroamiralles.com\/eu\/wp-json\/wp\/v2\/comments?post=557"}],"version-history":[{"count":13,"href":"https:\/\/naroamiralles.com\/eu\/wp-json\/wp\/v2\/pages\/557\/revisions"}],"predecessor-version":[{"id":582,"href":"https:\/\/naroamiralles.com\/eu\/wp-json\/wp\/v2\/pages\/557\/revisions\/582"}],"wp:attachment":[{"href":"https:\/\/naroamiralles.com\/eu\/wp-json\/wp\/v2\/media?parent=557"}],"curies":[{"name":"wp","href":"https:\/\/api.w.org\/{rel}","templated":true}]}}