{"id":3,"date":"2025-11-26T00:00:28","date_gmt":"2025-11-26T00:00:28","guid":{"rendered":"https:\/\/naroamiralles.com\/?page_id=3"},"modified":"2025-11-26T17:24:21","modified_gmt":"2025-11-26T17:24:21","slug":"politica-privacidad","status":"publish","type":"page","link":"https:\/\/naroamiralles.com\/eu\/politica-privacidad\/","title":{"rendered":"Pribatutasun-politika"},"content":{"rendered":"<div data-elementor-type=\"wp-page\" data-elementor-id=\"3\" class=\"elementor elementor-3\">\n\t\t\t\t\t\t<section class=\"elementor-section elementor-top-section elementor-element elementor-element-2b2ec16a elementor-section-full_width elementor-section-stretched elementor-section-height-default elementor-section-height-default\" data-id=\"2b2ec16a\" data-element_type=\"section\" data-e-type=\"section\" data-settings=\"{&quot;stretch_section&quot;:&quot;section-stretched&quot;,&quot;background_background&quot;:&quot;classic&quot;}\">\n\t\t\t\t\t\t<div class=\"elementor-container elementor-column-gap-default\">\n\t\t\t\t\t<div class=\"elementor-column elementor-col-100 elementor-top-column elementor-element elementor-element-6d8fd166\" data-id=\"6d8fd166\" data-element_type=\"column\" data-e-type=\"column\">\n\t\t\t<div class=\"elementor-widget-wrap elementor-element-populated\">\n\t\t\t\t\t\t<div class=\"elementor-element elementor-element-0d2bdf8 elementor-widget elementor-widget-heading\" data-id=\"0d2bdf8\" data-element_type=\"widget\" data-e-type=\"widget\" data-widget_type=\"heading.default\">\n\t\t\t\t<div class=\"elementor-widget-container\">\n\t\t\t\t\t<h2 class=\"elementor-heading-title elementor-size-default\">Pol\u00edtica de Privacidad<\/h2>\t\t\t\t<\/div>\n\t\t\t\t<\/div>\n\t\t\t\t<div class=\"elementor-element elementor-element-6072108 elementor-widget elementor-widget-heading\" data-id=\"6072108\" data-element_type=\"widget\" data-e-type=\"widget\" data-widget_type=\"heading.default\">\n\t\t\t\t<div class=\"elementor-widget-container\">\n\t\t\t\t\t<h3 class=\"elementor-heading-title elementor-size-default\">Responsable del tratamiento<\/h3>\t\t\t\t<\/div>\n\t\t\t\t<\/div>\n\t\t\t\t<div class=\"elementor-element elementor-element-3c735a5d elementor-widget elementor-widget-text-editor\" data-id=\"3c735a5d\" data-element_type=\"widget\" data-e-type=\"widget\" data-widget_type=\"text-editor.default\">\n\t\t\t\t<div class=\"elementor-widget-container\">\n\t\t\t\t\t\t\t\t\t\n<ul>\n<li><b>Nombre:<\/b> Naroa Miralles Mugica<\/li>\n<li><b>NIF:<\/b> 72545646N<\/li>\n<li><b>Direcci\u00f3n:<\/b> Aita Lertxundi kalea 29, 3I \u2013 20810 Orio (Gipuzkoa)<\/li>\n<li><b>Email:<\/b> <a href=\"mailto:naroamiralles@cop.es\">naroamiralles@cop.es<\/a><\/li>\n<li><b><\/b><b>Sitio web:<\/b> <a href=\"https:\/\/naroamiralles.com\/eu\/\">https:\/\/naroamiralles.com<\/a><\/li>\n<\/ul>\n<p>Como responsable del tratamiento, garantizo tu derecho a la protecci\u00f3n de datos personales conforme al <b>Reglamento (UE) 2016\/679 (RGPD)<\/b> y la <b>LOPDGDD 3\/2018<\/b>.<\/p>\t\t\t\t\t\t\t\t<\/div>\n\t\t\t\t<\/div>\n\t\t\t\t<div class=\"elementor-element elementor-element-90baaf2 elementor-widget elementor-widget-heading\" data-id=\"90baaf2\" data-element_type=\"widget\" data-e-type=\"widget\" data-widget_type=\"heading.default\">\n\t\t\t\t<div class=\"elementor-widget-container\">\n\t\t\t\t\t<h3 class=\"elementor-heading-title elementor-size-default wp-block-heading\">Finalidad del tratamiento<\/h3>\t\t\t\t<\/div>\n\t\t\t\t<\/div>\n\t\t\t\t<div class=\"elementor-element elementor-element-b789875 elementor-widget elementor-widget-text-editor\" data-id=\"b789875\" data-element_type=\"widget\" data-e-type=\"widget\" data-widget_type=\"text-editor.default\">\n\t\t\t\t<div class=\"elementor-widget-container\">\n\t\t\t\t\t\t\t\t\t<p><span style=\"font-family: var( --e-global-typography-text-font-family ), Sans-serif; font-size: var(--wp--preset--font-size--medium);\">En esta web podr\u00e1s contactar conmigo a trav\u00e9s de un formulario externo (Google Forms) cuyo fin es:<\/span><\/p>\n<ul>\n<li>Gestionar consultas y solicitudes de informaci\u00f3n.<\/li>\n<li>Agendar primeras citas o sesiones.<\/li>\n<li>Realizar comunicaciones relacionadas con la prestaci\u00f3n de servicios psicol\u00f3gicos.<\/li>\n<\/ul>\n<p><b>No se utiliza esta informaci\u00f3n para fines comerciales, publicitarios ni se toman decisiones automatizadas.<\/b><\/p>\t\t\t\t\t\t\t\t<\/div>\n\t\t\t\t<\/div>\n\t\t\t\t<div class=\"elementor-element elementor-element-8eb662a elementor-widget elementor-widget-heading\" data-id=\"8eb662a\" data-element_type=\"widget\" data-e-type=\"widget\" data-widget_type=\"heading.default\">\n\t\t\t\t<div class=\"elementor-widget-container\">\n\t\t\t\t\t<h3 class=\"elementor-heading-title elementor-size-default\">Datos personales que se recogen<\/h3>\t\t\t\t<\/div>\n\t\t\t\t<\/div>\n\t\t\t\t<div class=\"elementor-element elementor-element-91f1e7d elementor-widget elementor-widget-text-editor\" data-id=\"91f1e7d\" data-element_type=\"widget\" data-e-type=\"widget\" data-widget_type=\"text-editor.default\">\n\t\t\t\t<div class=\"elementor-widget-container\">\n\t\t\t\t\t\t\t\t\t<p>A trav\u00e9s del formulario podr\u00e1s facilitar:<\/p>\n<ul>\n<li>Nombre y apellidos<\/li>\n<li>Edad<\/li>\n<li>Tel\u00e9fono<\/li>\n<li>Direcci\u00f3n de correo electr\u00f3nico<\/li>\n<li>Informaci\u00f3n que incorpores en tu mensaje<\/li>\n<\/ul>\n<p>Dado que soy psic\u00f3loga, es posible que en tu mensaje incluyas <b>datos de salud<\/b>, considerados <b>categor\u00eda especial de datos<\/b>seg\u00fan el art. 9 RGPD.<br \/>Por ello, solo ser\u00e1n tratados con tu <b>consentimiento expl\u00edcito<\/b>, prestado al enviar el formulario.<\/p>\t\t\t\t\t\t\t\t<\/div>\n\t\t\t\t<\/div>\n\t\t\t\t<div class=\"elementor-element elementor-element-627fff8 elementor-widget elementor-widget-heading\" data-id=\"627fff8\" data-element_type=\"widget\" data-e-type=\"widget\" data-widget_type=\"heading.default\">\n\t\t\t\t<div class=\"elementor-widget-container\">\n\t\t\t\t\t<h3 class=\"elementor-heading-title elementor-size-default\">Legitimaci\u00f3n del tratamiento<\/h3>\t\t\t\t<\/div>\n\t\t\t\t<\/div>\n\t\t\t\t<div class=\"elementor-element elementor-element-87c7378 elementor-widget elementor-widget-text-editor\" data-id=\"87c7378\" data-element_type=\"widget\" data-e-type=\"widget\" data-widget_type=\"text-editor.default\">\n\t\t\t\t<div class=\"elementor-widget-container\">\n\t\t\t\t\t\t\t\t\t<p>La base legal para el tratamiento es:<\/p>\n<ol>\n<li><b>Tu consentimiento expl\u00edcito<\/b> al enviar el formulario (art. 6.1.a y 9.2.a RGPD).<\/li>\n<li>La <b>relaci\u00f3n precontractual o contractual<\/b> cuando solicitas sesi\u00f3n o informaci\u00f3n asistencial (art. 6.1.b).<\/li>\n<\/ol>\t\t\t\t\t\t\t\t<\/div>\n\t\t\t\t<\/div>\n\t\t\t\t<div class=\"elementor-element elementor-element-f1bcf2d elementor-widget elementor-widget-heading\" data-id=\"f1bcf2d\" data-element_type=\"widget\" data-e-type=\"widget\" data-widget_type=\"heading.default\">\n\t\t\t\t<div class=\"elementor-widget-container\">\n\t\t\t\t\t<h3 class=\"elementor-heading-title elementor-size-default\">Conservaci\u00f3n de los datos<\/h3>\t\t\t\t<\/div>\n\t\t\t\t<\/div>\n\t\t\t\t<div class=\"elementor-element elementor-element-113cf34 elementor-widget elementor-widget-text-editor\" data-id=\"113cf34\" data-element_type=\"widget\" data-e-type=\"widget\" data-widget_type=\"text-editor.default\">\n\t\t\t\t<div class=\"elementor-widget-container\">\n\t\t\t\t\t\t\t\t\t<p>Los datos se conservar\u00e1n:<\/p>\n<ul>\n<li>El tiempo necesario para atender tu consulta.<\/li>\n<li>Si se inicia un proceso terap\u00e9utico: durante el tiempo legalmente exigido para expedientes cl\u00ednicos.<\/li>\n<li>Si no se establece relaci\u00f3n profesional: m\u00e1ximo <b>12 meses<\/b>.<\/li>\n<\/ul>\t\t\t\t\t\t\t\t<\/div>\n\t\t\t\t<\/div>\n\t\t\t\t<div class=\"elementor-element elementor-element-9f18cbb elementor-widget elementor-widget-heading\" data-id=\"9f18cbb\" data-element_type=\"widget\" data-e-type=\"widget\" data-widget_type=\"heading.default\">\n\t\t\t\t<div class=\"elementor-widget-container\">\n\t\t\t\t\t<h3 class=\"elementor-heading-title elementor-size-default\">Destinatarios y encargados de tratamiento<\/h3>\t\t\t\t<\/div>\n\t\t\t\t<\/div>\n\t\t\t\t<div class=\"elementor-element elementor-element-6aac24f elementor-widget elementor-widget-text-editor\" data-id=\"6aac24f\" data-element_type=\"widget\" data-e-type=\"widget\" data-widget_type=\"text-editor.default\">\n\t\t\t\t<div class=\"elementor-widget-container\">\n\t\t\t\t\t\t\t\t\t<p>La web utiliza proveedores que cumplen con RGPD:<\/p>\n<ul>\n<li><b>Google LLC (Google Forms \/ Gmail)<\/b> \u2013 Encargado de tratamiento.<br \/>Alojamiento del formulario de contacto y gesti\u00f3n de comunicaciones.<br \/>Acuerdo de protecci\u00f3n de datos disponible en sus t\u00e9rminos europeos.<\/li>\n<\/ul>\n<p>No cedo tus datos a terceros salvo obligaci\u00f3n legal.<\/p>\t\t\t\t\t\t\t\t<\/div>\n\t\t\t\t<\/div>\n\t\t\t\t<div class=\"elementor-element elementor-element-d016d48 elementor-widget elementor-widget-heading\" data-id=\"d016d48\" data-element_type=\"widget\" data-e-type=\"widget\" data-widget_type=\"heading.default\">\n\t\t\t\t<div class=\"elementor-widget-container\">\n\t\t\t\t\t<h3 class=\"elementor-heading-title elementor-size-default\">Transferencias internacionales<\/h3>\t\t\t\t<\/div>\n\t\t\t\t<\/div>\n\t\t\t\t<div class=\"elementor-element elementor-element-df11669 elementor-widget elementor-widget-text-editor\" data-id=\"df11669\" data-element_type=\"widget\" data-e-type=\"widget\" data-widget_type=\"text-editor.default\">\n\t\t\t\t<div class=\"elementor-widget-container\">\n\t\t\t\t\t\t\t\t\t<p>Google puede realizar transferencias internacionales bajo <b>Cl\u00e1usulas Contractuales Tipo<\/b> aprobadas por la Comisi\u00f3n Europea.<\/p>\t\t\t\t\t\t\t\t<\/div>\n\t\t\t\t<\/div>\n\t\t\t\t<div class=\"elementor-element elementor-element-d1466f5 elementor-widget elementor-widget-heading\" data-id=\"d1466f5\" data-element_type=\"widget\" data-e-type=\"widget\" data-widget_type=\"heading.default\">\n\t\t\t\t<div class=\"elementor-widget-container\">\n\t\t\t\t\t<h3 class=\"elementor-heading-title elementor-size-default\">Derechos de las personas usuarias<\/h3>\t\t\t\t<\/div>\n\t\t\t\t<\/div>\n\t\t\t\t<div class=\"elementor-element elementor-element-916b0d9 elementor-widget elementor-widget-text-editor\" data-id=\"916b0d9\" data-element_type=\"widget\" data-e-type=\"widget\" data-widget_type=\"text-editor.default\">\n\t\t\t\t<div class=\"elementor-widget-container\">\n\t\t\t\t\t\t\t\t\t<p>Tienes derecho a:<\/p>\n<ul>\n<li>Solicitar acceso a tus datos<\/li>\n<li>Rectificaci\u00f3n o supresi\u00f3n<\/li>\n<li>Limitaci\u00f3n del tratamiento<\/li>\n<li>Oposici\u00f3n<\/li>\n<li>Portabilidad<\/li>\n<li>Revocar tu consentimiento<\/li>\n<\/ul>\n<p>Puedes ejercerlos escribiendo a: <a href=\"mailto:naroamiralles@cop.es\"><b>naroamiralles@cop.es<\/b><\/a><b><\/b><\/p>\n<p>Si consideras que se ha vulnerado tu derecho a la protecci\u00f3n de datos, puedes reclamar ante la <b>Agencia Espa\u00f1ola de Protecci\u00f3n de Datos (AEPD)<\/b>: <a href=\"http:\/\/www.aepd.es\">www.aepd.es<\/a><\/p>\t\t\t\t\t\t\t\t<\/div>\n\t\t\t\t<\/div>\n\t\t\t\t<div class=\"elementor-element elementor-element-06e0d82 elementor-widget elementor-widget-heading\" data-id=\"06e0d82\" data-element_type=\"widget\" data-e-type=\"widget\" data-widget_type=\"heading.default\">\n\t\t\t\t<div class=\"elementor-widget-container\">\n\t\t\t\t\t<h3 class=\"elementor-heading-title elementor-size-default\">Medidas de seguridad<\/h3>\t\t\t\t<\/div>\n\t\t\t\t<\/div>\n\t\t\t\t<div class=\"elementor-element elementor-element-06ddcfc elementor-widget elementor-widget-text-editor\" data-id=\"06ddcfc\" data-element_type=\"widget\" data-e-type=\"widget\" data-widget_type=\"text-editor.default\">\n\t\t\t\t<div class=\"elementor-widget-container\">\n\t\t\t\t\t\t\t\t\t<p>Se aplican medidas t\u00e9cnicas y organizativas adecuadas para garantizar la confidencialidad y seguridad de los datos, especialmente los relacionados con la salud.<\/p>\t\t\t\t\t\t\t\t<\/div>\n\t\t\t\t<\/div>\n\t\t\t\t<div class=\"elementor-element elementor-element-7731ae6 elementor-widget elementor-widget-heading\" data-id=\"7731ae6\" data-element_type=\"widget\" data-e-type=\"widget\" data-widget_type=\"heading.default\">\n\t\t\t\t<div class=\"elementor-widget-container\">\n\t\t\t\t\t<h3 class=\"elementor-heading-title elementor-size-default\">Modificaci\u00f3n de esta pol\u00edtica<\/h3>\t\t\t\t<\/div>\n\t\t\t\t<\/div>\n\t\t\t\t<div class=\"elementor-element elementor-element-e4e1b4e elementor-widget elementor-widget-text-editor\" data-id=\"e4e1b4e\" data-element_type=\"widget\" data-e-type=\"widget\" data-widget_type=\"text-editor.default\">\n\t\t\t\t<div class=\"elementor-widget-container\">\n\t\t\t\t\t\t\t\t\t<p>Podr\u00e1 ser actualizada cuando sea necesario. \u00daltima revisi\u00f3n: noviembre de 2025.<\/p>\t\t\t\t\t\t\t\t<\/div>\n\t\t\t\t<\/div>\n\t\t\t\t\t<\/div>\n\t\t<\/div>\n\t\t\t\t\t<\/div>\n\t\t<\/section>\n\t\t\t\t<\/div>","protected":false},"excerpt":{"rendered":"<p>Pol\u00edtica de Privacidad Responsable del tratamiento Nombre: Naroa Miralles Mugica NIF: 72545646N Direcci\u00f3n: Aita Lertxundi kalea 29, 3I \u2013 20810 Orio (Gipuzkoa) Email: naroamiralles@cop.es Sitio web: https:\/\/naroamiralles.com Como responsable del tratamiento, garantizo tu derecho a la protecci\u00f3n de datos personales conforme al Reglamento (UE) 2016\/679 (RGPD) y la LOPDGDD 3\/2018. Finalidad del tratamiento En esta [&hellip;]<\/p>\n","protected":false},"author":1,"featured_media":0,"parent":0,"menu_order":0,"comment_status":"closed","ping_status":"closed","template":"elementor_theme","meta":{"footnotes":""},"class_list":["post-3","page","type-page","status-publish","hentry"],"aioseo_notices":[],"_links":{"self":[{"href":"https:\/\/naroamiralles.com\/eu\/wp-json\/wp\/v2\/pages\/3","targetHints":{"allow":["GET"]}}],"collection":[{"href":"https:\/\/naroamiralles.com\/eu\/wp-json\/wp\/v2\/pages"}],"about":[{"href":"https:\/\/naroamiralles.com\/eu\/wp-json\/wp\/v2\/types\/page"}],"author":[{"embeddable":true,"href":"https:\/\/naroamiralles.com\/eu\/wp-json\/wp\/v2\/users\/1"}],"replies":[{"embeddable":true,"href":"https:\/\/naroamiralles.com\/eu\/wp-json\/wp\/v2\/comments?post=3"}],"version-history":[{"count":31,"href":"https:\/\/naroamiralles.com\/eu\/wp-json\/wp\/v2\/pages\/3\/revisions"}],"predecessor-version":[{"id":576,"href":"https:\/\/naroamiralles.com\/eu\/wp-json\/wp\/v2\/pages\/3\/revisions\/576"}],"wp:attachment":[{"href":"https:\/\/naroamiralles.com\/eu\/wp-json\/wp\/v2\/media?parent=3"}],"curies":[{"name":"wp","href":"https:\/\/api.w.org\/{rel}","templated":true}]}}