{"id":216,"date":"2025-08-28T17:28:35","date_gmt":"2025-08-28T17:28:35","guid":{"rendered":"https:\/\/naroamiralles.com\/?page_id=216"},"modified":"2025-11-21T12:35:40","modified_gmt":"2025-11-21T12:35:40","slug":"sobre-mi","status":"publish","type":"page","link":"https:\/\/naroamiralles.com\/eu\/sobre-mi\/","title":{"rendered":"Niri buruz"},"content":{"rendered":"<div data-elementor-type=\"wp-page\" data-elementor-id=\"216\" class=\"elementor elementor-216\">\n\t\t\t\t\t\t<section class=\"elementor-section elementor-top-section elementor-element elementor-element-e3cbcce elementor-section-full_width elementor-section-stretched elementor-section-height-default elementor-section-height-default\" data-id=\"e3cbcce\" data-element_type=\"section\" data-e-type=\"section\" data-settings=\"{&quot;stretch_section&quot;:&quot;section-stretched&quot;}\">\n\t\t\t\t\t\t<div class=\"elementor-container elementor-column-gap-default\">\n\t\t\t\t\t<div class=\"elementor-column elementor-col-100 elementor-top-column elementor-element elementor-element-56cc3e0\" data-id=\"56cc3e0\" data-element_type=\"column\" data-e-type=\"column\">\n\t\t\t<div class=\"elementor-widget-wrap elementor-element-populated\">\n\t\t\t\t\t\t<div class=\"elementor-element elementor-element-b2dd1fc elementor-widget elementor-widget-heading\" data-id=\"b2dd1fc\" data-element_type=\"widget\" data-e-type=\"widget\" data-widget_type=\"heading.default\">\n\t\t\t\t<div class=\"elementor-widget-container\">\n\t\t\t\t\t<h1 class=\"elementor-heading-title elementor-size-default\">Ezagutu nazazu<\/h1>\t\t\t\t<\/div>\n\t\t\t\t<\/div>\n\t\t\t\t\t<\/div>\n\t\t<\/div>\n\t\t\t\t\t<\/div>\n\t\t<\/section>\n\t\t\t\t<section class=\"elementor-section elementor-top-section elementor-element elementor-element-1373b69 elementor-section-full_width elementor-section-stretched elementor-section-height-default elementor-section-height-default\" data-id=\"1373b69\" data-element_type=\"section\" data-e-type=\"section\" data-settings=\"{&quot;stretch_section&quot;:&quot;section-stretched&quot;}\">\n\t\t\t\t\t\t<div class=\"elementor-container elementor-column-gap-default\">\n\t\t\t\t\t<div class=\"elementor-column elementor-col-50 elementor-top-column elementor-element elementor-element-8d2a8cb\" data-id=\"8d2a8cb\" data-element_type=\"column\" data-e-type=\"column\">\n\t\t\t<div class=\"elementor-widget-wrap elementor-element-populated\">\n\t\t\t\t\t\t<div class=\"elementor-element elementor-element-b004010 elementor-widget elementor-widget-heading\" data-id=\"b004010\" data-element_type=\"widget\" data-e-type=\"widget\" data-widget_type=\"heading.default\">\n\t\t\t\t<div class=\"elementor-widget-container\">\n\t\t\t\t\t<h2 class=\"elementor-heading-title elementor-size-default\">HEZIKETA<\/h2>\t\t\t\t<\/div>\n\t\t\t\t<\/div>\n\t\t\t\t<div class=\"elementor-element elementor-element-8a66296 elementor-widget elementor-widget-text-editor\" data-id=\"8a66296\" data-element_type=\"widget\" data-e-type=\"widget\" data-widget_type=\"text-editor.default\">\n\t\t\t\t<div class=\"elementor-widget-container\">\n\t\t\t\t\t\t\t\t\t<p>- Psikologo kolegiatua (GZ03226 zk.)<\/p><p>- Psikologo Orokor Sanitarioa<\/p><p>- Psikoterapia Integratzaileko Masterra<\/p><p>- Psikologia Perinataleko prestakuntza<\/p><p>- Atxikimenduari eta traumari buruzko prestakuntza<\/p><p>- IFSko prestakuntza<\/p><p>- AMTko prestakuntza<\/p><p>- Haur eta gazteen psikoterapiako prestakuntza<\/p><p>- Terapian erabiltzen ditudan teknikak: proiektu-lana kartekin eta playmobilekin, somatic experiencing, AEDP.<span class=\"Apple-converted-space\">\u00a0<\/span><\/p>\t\t\t\t\t\t\t\t<\/div>\n\t\t\t\t<\/div>\n\t\t\t\t\t<\/div>\n\t\t<\/div>\n\t\t\t\t<div class=\"elementor-column elementor-col-50 elementor-top-column elementor-element elementor-element-ff5979b\" data-id=\"ff5979b\" data-element_type=\"column\" data-e-type=\"column\">\n\t\t\t<div class=\"elementor-widget-wrap elementor-element-populated\">\n\t\t\t\t\t\t<div class=\"elementor-element elementor-element-19134c1 elementor-widget elementor-widget-image\" data-id=\"19134c1\" data-element_type=\"widget\" data-e-type=\"widget\" data-widget_type=\"image.default\">\n\t\t\t\t<div class=\"elementor-widget-container\">\n\t\t\t\t\t\t\t\t\t\t\t\t\t\t\t<img fetchpriority=\"high\" decoding=\"async\" width=\"768\" height=\"1062\" src=\"https:\/\/naroamiralles.com\/wp-content\/uploads\/2025\/08\/IMG_5689-768x1062.jpg\" class=\"attachment-medium_large size-medium_large wp-image-387\" alt=\"Naroa Miralles\" srcset=\"https:\/\/naroamiralles.com\/wp-content\/uploads\/2025\/08\/IMG_5689-768x1062.jpg 768w, https:\/\/naroamiralles.com\/wp-content\/uploads\/2025\/08\/IMG_5689-217x300.jpg 217w, https:\/\/naroamiralles.com\/wp-content\/uploads\/2025\/08\/IMG_5689-741x1024.jpg 741w, https:\/\/naroamiralles.com\/wp-content\/uploads\/2025\/08\/IMG_5689-1111x1536.jpg 1111w, https:\/\/naroamiralles.com\/wp-content\/uploads\/2025\/08\/IMG_5689-1481x2048.jpg 1481w, https:\/\/naroamiralles.com\/wp-content\/uploads\/2025\/08\/IMG_5689-scaled.jpg 1851w\" sizes=\"(max-width: 768px) 100vw, 768px\" \/>\t\t\t\t\t\t\t\t\t\t\t\t\t\t\t<\/div>\n\t\t\t\t<\/div>\n\t\t\t\t\t<\/div>\n\t\t<\/div>\n\t\t\t\t\t<\/div>\n\t\t<\/section>\n\t\t\t\t<section class=\"elementor-section elementor-top-section elementor-element elementor-element-908dc35 elementor-section-full_width elementor-section-stretched elementor-section-height-default elementor-section-height-default\" data-id=\"908dc35\" data-element_type=\"section\" data-e-type=\"section\" data-settings=\"{&quot;stretch_section&quot;:&quot;section-stretched&quot;}\">\n\t\t\t\t\t\t<div class=\"elementor-container elementor-column-gap-default\">\n\t\t\t\t\t<div class=\"elementor-column elementor-col-100 elementor-top-column elementor-element elementor-element-eba04da\" data-id=\"eba04da\" data-element_type=\"column\" data-e-type=\"column\">\n\t\t\t<div class=\"elementor-widget-wrap elementor-element-populated\">\n\t\t\t\t\t\t<div class=\"elementor-element elementor-element-eaa15de elementor-widget elementor-widget-heading\" data-id=\"eaa15de\" data-element_type=\"widget\" data-e-type=\"widget\" data-widget_type=\"heading.default\">\n\t\t\t\t<div class=\"elementor-widget-container\">\n\t\t\t\t\t<h2 class=\"elementor-heading-title elementor-size-default\">NIRE IBILBIDEA<\/h2>\t\t\t\t<\/div>\n\t\t\t\t<\/div>\n\t\t\t\t<div class=\"elementor-element elementor-element-e6195ed elementor-widget elementor-widget-text-editor\" data-id=\"e6195ed\" data-element_type=\"widget\" data-e-type=\"widget\" data-widget_type=\"text-editor.default\">\n\t\t\t\t<div class=\"elementor-widget-container\">\n\t\t\t\t\t\t\t\t\t<p>Txikitatik psikologo izan nahi izan dut. Pentsatzen dut nire historiako zerbaitek mundu honetara bultzatzen ninduela... nire zauriak, nire galderak, dena zalantzan jartzea, nire ulertzeko gogoa eta beharra. Betidanik izan dut jakin-mina, asko gustatzen zait behatzea, entzutea, xehetasunei erreparatzea.<\/p><p>Denborarekin ulertu nuen egoteko modu hori \u2014 lasaia, arretatsua, sentikorra \u2014 zaintzeko modu bat ere bazela. Eta beste pertsona batzuei laguntzeko prestatzea erabaki nuen, bakoitzak bizi duenaren eta denaren errespetu sakon horretatik.<\/p><p>Euskal Herriko Unibertsitatean ikasi nuen psikologia, eta harrezkero etengabe aritu naiz prestatzen. Behartuta baino gehiago, atseginez. Argentinan nire ikasketen zati bat egiteko eta bertan atxikimenduaren mundua ezagutzeko aukera izateak psikologiaz gehiago maitemintzea eragin zidan.<\/p><p>Psikoterapia integratzailean masterra egin dut, eta trauman, atxikimenduan eta psikologia perinatalean espezializatu naiz. Haur eta gazteen psikoterapian ere trebatzen ari naiz, etapa bakoitzak begirada desberdina behar duela sentitzen baitut, eta guztiak iruditzen zaizkit garrantzitsuak.<\/p><p>Gaur egun, oso prozesu desberdinetan dauden pertsonei laguntzen diet: antsietatea, autoestimua, elikadura-jokabidearen nahasmenduak, gorputz-irudia, loturak\/harremanak, amatasuna... Betiere ikuspegi integratzaile batetik, burua ez ezik, gorputza, emozioak eta bizitzaren historia ere kontuan hartuta.<\/p><p>Saioetan espazio seguru bat sortzen saiatzen naiz, arnasa hartzeko, zaintza jaisteko eta, besterik gabe, izateko. Lagun bezala egotea gustatzen zait, ez erantzun guztiak dituen norbait bezala, ondoan dabilen norbait bezala baizik.<span class=\"Apple-converted-space\">\u00a0<\/span><\/p>\t\t\t\t\t\t\t\t<\/div>\n\t\t\t\t<\/div>\n\t\t\t\t\t<\/div>\n\t\t<\/div>\n\t\t\t\t\t<\/div>\n\t\t<\/section>\n\t\t\t\t<\/div>","protected":false},"excerpt":{"rendered":"<p>Con\u00f3ceme FORMACI\u00d3N &#8211; Psic\u00f3loga colegiada N\u00baGZ03226 &#8211; Psic\u00f3loga General Sanitaria &#8211; M\u00e1ster en Psicoterapia Integradora &#8211; Formaci\u00f3n en Psicolog\u00eda Perinatal &#8211; Formaci\u00f3n en Apego y Trauma &#8211; Formaci\u00f3n en IFS &#8211; Formaci\u00f3n en TCA &#8211; Formaci\u00f3n en psicoterapia infanto-juvenil &#8211; T\u00e9cnicas que utilizo en terapia: trabajo proyectivo con cartas y playmobils, somatic experiencing, AEDP.\u00a0 MI [&hellip;]<\/p>\n","protected":false},"author":1,"featured_media":0,"parent":0,"menu_order":0,"comment_status":"closed","ping_status":"closed","template":"elementor_theme","meta":{"footnotes":""},"class_list":["post-216","page","type-page","status-publish","hentry"],"aioseo_notices":[],"_links":{"self":[{"href":"https:\/\/naroamiralles.com\/eu\/wp-json\/wp\/v2\/pages\/216","targetHints":{"allow":["GET"]}}],"collection":[{"href":"https:\/\/naroamiralles.com\/eu\/wp-json\/wp\/v2\/pages"}],"about":[{"href":"https:\/\/naroamiralles.com\/eu\/wp-json\/wp\/v2\/types\/page"}],"author":[{"embeddable":true,"href":"https:\/\/naroamiralles.com\/eu\/wp-json\/wp\/v2\/users\/1"}],"replies":[{"embeddable":true,"href":"https:\/\/naroamiralles.com\/eu\/wp-json\/wp\/v2\/comments?post=216"}],"version-history":[{"count":17,"href":"https:\/\/naroamiralles.com\/eu\/wp-json\/wp\/v2\/pages\/216\/revisions"}],"predecessor-version":[{"id":403,"href":"https:\/\/naroamiralles.com\/eu\/wp-json\/wp\/v2\/pages\/216\/revisions\/403"}],"wp:attachment":[{"href":"https:\/\/naroamiralles.com\/eu\/wp-json\/wp\/v2\/media?parent=216"}],"curies":[{"name":"wp","href":"https:\/\/api.w.org\/{rel}","templated":true}]}}