{"id":209,"date":"2025-08-28T17:11:18","date_gmt":"2025-08-28T17:11:18","guid":{"rendered":"https:\/\/naroamiralles.com\/?page_id=209"},"modified":"2025-11-21T12:49:27","modified_gmt":"2025-11-21T12:49:27","slug":"como-trabajo","status":"publish","type":"page","link":"https:\/\/naroamiralles.com\/eu\/como-trabajo\/","title":{"rendered":"Lan egiteko modua"},"content":{"rendered":"<div data-elementor-type=\"wp-page\" data-elementor-id=\"209\" class=\"elementor elementor-209\">\n\t\t\t\t\t\t<section class=\"elementor-section elementor-top-section elementor-element elementor-element-94d8ff4 elementor-section-full_width elementor-section-stretched elementor-section-height-default elementor-section-height-default\" data-id=\"94d8ff4\" data-element_type=\"section\" data-e-type=\"section\" data-settings=\"{&quot;stretch_section&quot;:&quot;section-stretched&quot;}\">\n\t\t\t\t\t\t<div class=\"elementor-container elementor-column-gap-default\">\n\t\t\t\t\t<div class=\"elementor-column elementor-col-100 elementor-top-column elementor-element elementor-element-0280003\" data-id=\"0280003\" data-element_type=\"column\" data-e-type=\"column\">\n\t\t\t<div class=\"elementor-widget-wrap elementor-element-populated\">\n\t\t\t\t\t\t<div class=\"elementor-element elementor-element-43ed8b1 elementor-widget elementor-widget-heading\" data-id=\"43ed8b1\" data-element_type=\"widget\" data-e-type=\"widget\" data-widget_type=\"heading.default\">\n\t\t\t\t<div class=\"elementor-widget-container\">\n\t\t\t\t\t<h1 class=\"elementor-heading-title elementor-size-default\">Nola egiten dut lana?<\/h1>\t\t\t\t<\/div>\n\t\t\t\t<\/div>\n\t\t\t\t<div class=\"elementor-element elementor-element-c36483e elementor-widget elementor-widget-accordion\" data-id=\"c36483e\" data-element_type=\"widget\" data-e-type=\"widget\" data-widget_type=\"accordion.default\">\n\t\t\t\t<div class=\"elementor-widget-container\">\n\t\t\t\t\t\t\t<div class=\"elementor-accordion\">\n\t\t\t\t\t\t\t<div class=\"elementor-accordion-item\">\n\t\t\t\t\t<div id=\"elementor-tab-title-2041\" class=\"elementor-tab-title\" data-tab=\"1\" role=\"button\" aria-controls=\"elementor-tab-content-2041\" aria-expanded=\"false\">\n\t\t\t\t\t\t\t\t\t\t\t\t\t<span class=\"elementor-accordion-icon elementor-accordion-icon-left\" aria-hidden=\"true\">\n\t\t\t\t\t\t\t\t\t\t\t\t\t\t\t<span class=\"elementor-accordion-icon-closed\"><i class=\"fas fa-angle-down\"><\/i><\/span>\n\t\t\t\t\t\t\t\t<span class=\"elementor-accordion-icon-opened\"><i class=\"fas fa-angle-up\"><\/i><\/span>\n\t\t\t\t\t\t\t\t\t\t\t\t\t\t<\/span>\n\t\t\t\t\t\t\t\t\t\t\t\t<a class=\"elementor-accordion-title\" tabindex=\"0\">Abordatze terapeutikoa<\/a>\n\t\t\t\t\t<\/div>\n\t\t\t\t\t<div id=\"elementor-tab-content-2041\" class=\"elementor-tab-content elementor-clearfix\" data-tab=\"1\" role=\"region\" aria-labelledby=\"elementor-tab-title-2041\"><p>Nire helburu nagusia, bion artean, zuretzako espazio seguru bat eraikitzea da, zaren bezala adierazteko. Zuri begirune sakonetik eta aurkikuntza partekatutik laguntzea gustatzen zait, beti ere jakin-minetik.<\/p><p>Nire saioa hurbilekoa da, lasaia, eta oso errukiorra. Leku profesional baina gizatiar batetik lagunduko dizut, seguru eta ulertua sentitzea lehenetsiz, epaiketarik gabe. Ikuspegi integratzailetik lan egiten dut, zure atal guztiak, gorputza, burua, emozioak, testuingurua eta bizitza-historia kontuan hartuta eta ezagututa. Nire begirada traumarekiko eta atxikimenduarekiko sentibera da, non lotura terapeutikoa ez baita bitarteko bat bakarrik, sendatzeko tresna bat ere bada.<\/p><p>Urteak daramatzat etengabe formatzen, ez bokazio profesionalagatik soilik, biziki gozatzen dudalako baizik. Horrek aukera ematen dit zure beharretara egokitzeko, zure erritmoa eta prozesua errespetatuz.<span class=\"Apple-converted-space\">\u00a0<\/span><\/p><p><img fetchpriority=\"high\" decoding=\"async\" class=\"aligncenter wp-image-371 size-medium\" src=\"https:\/\/naroamiralles.com\/wp-content\/uploads\/2025\/08\/ilustracion_psicologia-289x300.jpg\" alt=\"Ilustraci\u00f3n psicolog\u00eda\" width=\"289\" height=\"300\" srcset=\"\" sizes=\"(max-width: 289px) 100vw, 289px\" data-srcset=\"\" \/><\/p><\/div>\n\t\t\t\t<\/div>\n\t\t\t\t\t\t\t<div class=\"elementor-accordion-item\">\n\t\t\t\t\t<div id=\"elementor-tab-title-2042\" class=\"elementor-tab-title\" data-tab=\"2\" role=\"button\" aria-controls=\"elementor-tab-content-2042\" aria-expanded=\"false\">\n\t\t\t\t\t\t\t\t\t\t\t\t\t<span class=\"elementor-accordion-icon elementor-accordion-icon-left\" aria-hidden=\"true\">\n\t\t\t\t\t\t\t\t\t\t\t\t\t\t\t<span class=\"elementor-accordion-icon-closed\"><i class=\"fas fa-angle-down\"><\/i><\/span>\n\t\t\t\t\t\t\t\t<span class=\"elementor-accordion-icon-opened\"><i class=\"fas fa-angle-up\"><\/i><\/span>\n\t\t\t\t\t\t\t\t\t\t\t\t\t\t<\/span>\n\t\t\t\t\t\t\t\t\t\t\t\t<a class=\"elementor-accordion-title\" tabindex=\"0\">Espezializazioa<\/a>\n\t\t\t\t\t<\/div>\n\t\t\t\t\t<div id=\"elementor-tab-content-2042\" class=\"elementor-tab-content elementor-clearfix\" data-tab=\"2\" role=\"region\" aria-labelledby=\"elementor-tab-title-2042\"><p>\u00b7 Banakako terapia<\/p><p>\u00b7 Trauma<\/p><p>\u00b7 Atxikimendua<\/p><p>\u00b7 Psikologia Perinatala<\/p><p>\u00b7 Metodo eta ereduak:<\/p><p>\u00a0 \u00a0 \u00a0\u2013 Terapia integratzailea<\/p><p>\u00a0 \u00a0 \u00a0\u2013 IFS terapia<\/p><p>\u00a0 \u00a0 \u00a0\u2013 \"La ni\u00f1a interior\"<\/p><p>\u00a0 \u00a0 \u00a0\u2013 Terapia proiektiboak<span class=\"Apple-converted-space\">\u00a0<\/span><\/p><\/div>\n\t\t\t\t<\/div>\n\t\t\t\t\t\t\t<div class=\"elementor-accordion-item\">\n\t\t\t\t\t<div id=\"elementor-tab-title-2043\" class=\"elementor-tab-title\" data-tab=\"3\" role=\"button\" aria-controls=\"elementor-tab-content-2043\" aria-expanded=\"false\">\n\t\t\t\t\t\t\t\t\t\t\t\t\t<span class=\"elementor-accordion-icon elementor-accordion-icon-left\" aria-hidden=\"true\">\n\t\t\t\t\t\t\t\t\t\t\t\t\t\t\t<span class=\"elementor-accordion-icon-closed\"><i class=\"fas fa-angle-down\"><\/i><\/span>\n\t\t\t\t\t\t\t\t<span class=\"elementor-accordion-icon-opened\"><i class=\"fas fa-angle-up\"><\/i><\/span>\n\t\t\t\t\t\t\t\t\t\t\t\t\t\t<\/span>\n\t\t\t\t\t\t\t\t\t\t\t\t<a class=\"elementor-accordion-title\" tabindex=\"0\">Tarifak<\/a>\n\t\t\t\t\t<\/div>\n\t\t\t\t\t<div id=\"elementor-tab-content-2043\" class=\"elementor-tab-content elementor-clearfix\" data-tab=\"3\" role=\"region\" aria-labelledby=\"elementor-tab-title-2043\"><p>On-line 60\u20ac \/ Aurrez aurre 70\u20ac<span class=\"Apple-converted-space\">\u00a0<\/span><\/p><\/div>\n\t\t\t\t<\/div>\n\t\t\t\t\t\t\t\t<\/div>\n\t\t\t\t\t\t<\/div>\n\t\t\t\t<\/div>\n\t\t\t\t\t<\/div>\n\t\t<\/div>\n\t\t\t\t\t<\/div>\n\t\t<\/section>\n\t\t\t\t<section class=\"elementor-section elementor-top-section elementor-element elementor-element-d6d5b43 elementor-section-full_width elementor-section-stretched elementor-section-height-default elementor-section-height-default\" data-id=\"d6d5b43\" data-element_type=\"section\" data-e-type=\"section\" data-settings=\"{&quot;stretch_section&quot;:&quot;section-stretched&quot;}\">\n\t\t\t\t\t\t\t<div class=\"elementor-background-overlay\"><\/div>\n\t\t\t\t\t\t\t<div class=\"elementor-container elementor-column-gap-default\">\n\t\t\t\t\t<div class=\"elementor-column elementor-col-100 elementor-top-column elementor-element elementor-element-7fa9c70\" data-id=\"7fa9c70\" data-element_type=\"column\" data-e-type=\"column\">\n\t\t\t<div class=\"elementor-widget-wrap elementor-element-populated\">\n\t\t\t\t\t\t<div class=\"elementor-element elementor-element-08ce3fa elementor-widget elementor-widget-text-editor\" data-id=\"08ce3fa\" data-element_type=\"widget\" data-e-type=\"widget\" data-widget_type=\"text-editor.default\">\n\t\t\t\t<div class=\"elementor-widget-container\">\n\t\t\t\t\t\t\t\t\t<p>\u201cProzesu terapeutikoaren helburua ez da nor zaren aldatzea, zaren guztiarekin besarkatzea baizik.\u201d<\/p><p>\u2014 <i>Carl Rogers<span class=\"Apple-converted-space\">\u00a0<\/span><\/i><\/p>\t\t\t\t\t\t\t\t<\/div>\n\t\t\t\t<\/div>\n\t\t\t\t\t<\/div>\n\t\t<\/div>\n\t\t\t\t\t<\/div>\n\t\t<\/section>\n\t\t\t\t<\/div>","protected":false},"excerpt":{"rendered":"<p>\u00bfC\u00f3mo trabajo? Abordaje terap\u00e9utico Mi objetivo principal es que, entre l@s dos, construyamos un espacio seguro para ti, donde puedas expresarte tal y como eres. Me gusta acompa\u00f1arte desde el respeto profundo y el descubrimiento compartido, siempre desde la curiosidad. Mi forma de estar en sesi\u00f3n es cercana, tranquila, y profundamente compasiva. Acompa\u00f1o desde un [&hellip;]<\/p>\n","protected":false},"author":1,"featured_media":0,"parent":0,"menu_order":0,"comment_status":"closed","ping_status":"closed","template":"elementor_theme","meta":{"footnotes":""},"class_list":["post-209","page","type-page","status-publish","hentry"],"aioseo_notices":[],"_links":{"self":[{"href":"https:\/\/naroamiralles.com\/eu\/wp-json\/wp\/v2\/pages\/209","targetHints":{"allow":["GET"]}}],"collection":[{"href":"https:\/\/naroamiralles.com\/eu\/wp-json\/wp\/v2\/pages"}],"about":[{"href":"https:\/\/naroamiralles.com\/eu\/wp-json\/wp\/v2\/types\/page"}],"author":[{"embeddable":true,"href":"https:\/\/naroamiralles.com\/eu\/wp-json\/wp\/v2\/users\/1"}],"replies":[{"embeddable":true,"href":"https:\/\/naroamiralles.com\/eu\/wp-json\/wp\/v2\/comments?post=209"}],"version-history":[{"count":21,"href":"https:\/\/naroamiralles.com\/eu\/wp-json\/wp\/v2\/pages\/209\/revisions"}],"predecessor-version":[{"id":386,"href":"https:\/\/naroamiralles.com\/eu\/wp-json\/wp\/v2\/pages\/209\/revisions\/386"}],"wp:attachment":[{"href":"https:\/\/naroamiralles.com\/eu\/wp-json\/wp\/v2\/media?parent=209"}],"curies":[{"name":"wp","href":"https:\/\/api.w.org\/{rel}","templated":true}]}}